{"id":17,"date":"2021-01-22T04:18:38","date_gmt":"2021-01-22T03:18:38","guid":{"rendered":"https:\/\/novae-corpus.fr\/blog\/?page_id=17"},"modified":"2021-07-27T16:21:06","modified_gmt":"2021-07-27T14:21:06","slug":"le-nouveau-e-mucem-ouvre-ses-portes-2","status":"publish","type":"page","link":"https:\/\/novae-corpus.fr\/blog\/","title":{"rendered":"Le nouveau blog de Naturopathie ouvre ses portes"},"content":{"rendered":"<p>&nbsp;<\/p>\n<p>&nbsp;<\/p>\n<p style=\"text-align: center;\"><span style=\"font-size: 14pt; color: #339966;\"><strong>Bonjour \u00e0 vous et bienvenue sur le blog \u00ab\u00a0Novae-Corpus\u00a0\u00bb<\/strong><\/span><\/p>\n<p>&nbsp;<\/p>\n<p style=\"text-align: center;\"><em><span style=\"font-size: 12pt;\">J&rsquo;ai le vif plaisir de vous pr\u00e9senter mon nouveau blog qui traitera, bien s\u00fbr, de Naturopathie, mais aussi de bon nombre d&rsquo;autres sujets qui me tiennent \u00e0 c\u0153ur et que, du moins je l&rsquo;esp\u00e8re, vous trouverez int\u00e9ressants, vous aussi.<\/span><\/em><\/p>\n<p><img loading=\"lazy\" decoding=\"async\" class=\"size-medium wp-image-307 aligncenter\" src=\"https:\/\/novae-corpus.fr\/wp-content\/uploads\/2021\/07\/bol-plantes-300x200.jpg\" alt=\"\" width=\"300\" height=\"200\" \/><\/p>\n<p style=\"text-align: right;\">\n<p>&nbsp;<\/p>\n","protected":false},"excerpt":{"rendered":"<p>&nbsp; &nbsp; Bonjour \u00e0 vous et bienvenue sur le blog \u00ab\u00a0Novae-Corpus\u00a0\u00bb &nbsp; J&rsquo;ai le vif plaisir de vous pr\u00e9senter mon nouveau blog qui traitera, bien s\u00fbr, de Naturopathie, mais aussi &hellip; <a class=\"readmore\" href=\"https:\/\/novae-corpus.fr\/blog\/\">Continue Reading &rarr;<\/a><\/p>\n","protected":false},"author":2,"featured_media":0,"parent":0,"menu_order":0,"comment_status":"closed","ping_status":"closed","template":"","meta":{"footnotes":""},"class_list":["post-17","page","type-page","status-publish","hentry"],"_links":{"self":[{"href":"https:\/\/novae-corpus.fr\/blog\/wp-json\/wp\/v2\/pages\/17","targetHints":{"allow":["GET"]}}],"collection":[{"href":"https:\/\/novae-corpus.fr\/blog\/wp-json\/wp\/v2\/pages"}],"about":[{"href":"https:\/\/novae-corpus.fr\/blog\/wp-json\/wp\/v2\/types\/page"}],"author":[{"embeddable":true,"href":"https:\/\/novae-corpus.fr\/blog\/wp-json\/wp\/v2\/users\/2"}],"replies":[{"embeddable":true,"href":"https:\/\/novae-corpus.fr\/blog\/wp-json\/wp\/v2\/comments?post=17"}],"version-history":[{"count":13,"href":"https:\/\/novae-corpus.fr\/blog\/wp-json\/wp\/v2\/pages\/17\/revisions"}],"predecessor-version":[{"id":438,"href":"https:\/\/novae-corpus.fr\/blog\/wp-json\/wp\/v2\/pages\/17\/revisions\/438"}],"wp:attachment":[{"href":"https:\/\/novae-corpus.fr\/blog\/wp-json\/wp\/v2\/media?parent=17"}],"curies":[{"name":"wp","href":"https:\/\/api.w.org\/{rel}","templated":true}]}}