{"id":65,"date":"2021-01-25T19:00:23","date_gmt":"2021-01-25T18:00:23","guid":{"rendered":"https:\/\/novae-corpus.fr\/blog\/?page_id=65"},"modified":"2021-09-16T14:49:25","modified_gmt":"2021-09-16T12:49:25","slug":"mon-parcours","status":"publish","type":"page","link":"https:\/\/novae-corpus.fr\/blog\/mon-parcours\/","title":{"rendered":"Qui suis-je ?"},"content":{"rendered":"<p><span style=\"font-size: 14pt;\"><span style=\"color: #333399;\"><b><i>Je me pr\u00e9nomme Karen Romani, <\/i><\/b><\/span><img loading=\"lazy\" decoding=\"async\" class=\"\" src=\"data:image\/svg+xml;base64,PHN2ZyB4bWxucz0iaHR0cDovL3d3dy53My5vcmcvMjAwMC9zdmciIHZpZXdCb3g9IjAgMCAzNiAzNiI+PHBhdGggZmlsbD0iI0Y0QUJCQSIgZD0iTTMxLjI5OCAyMC44MDdjNC4xOTctMS4zNjMgNS4wMjctMy4xODIgNC4xOTEtNi40MTYtLjk1Mi4zMDgtMi4xMDUtLjAwMS0yLjI3Mi0uNTE4LS4xNjgtLjUxMy41ODEtMS40NDMgMS41MzMtMS43NTMtMS4yMjMtMy4xMDctMi45NjQtNC4wODktNy4xNjEtMi43MjctMS42MDYuNTIyLTMuMjM4IDEuNDkyLTQuNjU1IDIuNjM1QzIzLjU4MiAxMC4zMjcgMjQgOC40NzUgMjQgNi43ODZjMC00LjQxMi0xLjQ3My01Ljc2NS00LjgwNy01Ljk2OCAwIDEtLjY1MiAyLTEuMTkzIDJzLTEuMTk0LTEtMS4xOTQtMkMxMy40NzIgMS4wMjEgMTIgMi4zNzQgMTIgNi43ODZjMCAxLjY4OS40MTcgMy41NDEgMS4wNjYgNS4yNDEtMS40MTYtMS4xNDItMy4wNDktMi4xMTEtNC42NTUtMi42MzMtNC4xOTctMS4zNjQtNS45MzgtLjM4MS03LjE2MiAyLjcyNy45NTEuMzEgMS43MDEgMS4yMzggMS41MzQgMS43NTMtLjE2Ny41MTUtMS4zMi44MjYtMi4yNzEuNTE4LS44MzcgMy4yMzMtLjAwNSA1LjA1MiA0LjE5IDYuNDE1IDEuNjA2LjUyMSAzLjQ5Ny42OTcgNS4zMTQuNjA1LTEuNTI0Ljk5NC0yLjk1IDIuMjQ3LTMuOTQzIDMuNjEzLTIuNTk0IDMuNTctMi4xOTcgNS41My4zODEgNy42NTQuNTg4LS44MDkgMS43MDMtMS4yMzUgMi4xNDItLjkxNy40MzguMzE3LjM3OCAxLjUxMS0uMjEgMi4zMiAyLjgxNiAxLjc5NSA0LjgwMyAxLjU2NSA3LjM5Ni0yLjAwMy45OTMtMS4zNjYgMS43NDMtMy4xMTEgMi4yMTgtNC44NjcuNDc1IDEuNzU3IDEuMjI2IDMuNTAxIDIuMjE4IDQuODY3IDIuNTk0IDMuNTcgNC41OCAzLjc5OCA3LjM5NyAyLjAwMy0uNTg3LS44MS0uNjQ5LTIuMDAyLS4yMS0yLjMyMS40MzctLjMxNyAxLjU1My4xMDcgMi4xNDIuOTE3IDIuNTc3LTIuMTIzIDIuOTczLTQuMDgzLjM4MS03LjY1My0uOTkzLTEuMzY2LTIuNDItMi42MTktMy45NDMtMy42MTMgMS44MTYuMDkyIDMuNzA2LS4wODQgNS4zMTMtLjYwNXpNMTggMjAuMzM3Yy0uMTYyLS4yOTItLjM1My0uNTM4LS41ODgtLjcwOS0uMjM0LS4xNzEtLjUyOC0uMjc2LS44NTYtLjM0MS4yMjgtLjI0NC40MDMtLjUwMi40OTMtLjc3OC4wOS0uMjc1LjEtLjU4Ny4wNTktLjkxOS4zMDIuMTQxLjYwMi4yMjguODkyLjIyOHMuNTktLjA4Ny44OTQtLjIyOWMtLjA0MS4zMzItLjAzMS42NDQuMDU5LjkxOS4wOS4yNzYuMjY1LjUzNC40OTIuNzc4LS4zMjcuMDY1LS42MjEuMTctLjg1NS4zNDEtLjIzNi4xNzItLjQyOC40MTgtLjU5LjcxeiIvPjxnIGZpbGw9IiNGRkYiPjxwYXRoIGQ9Ik0xNi43OTUgMTguNjg1Yy0uMTIuNTQtLjY1My44OC0xLjE5My43NmwtNS44NTgtMS4zMDJjLS41MzktLjEyLS44NzktLjY1My0uNzU5LTEuMTkzLjEyLS41MzkuNjU0LS44NzkgMS4xOTMtLjc1OWw1Ljg1NyAxLjMwMmMuNTQuMTIuODguNjUzLjc2IDEuMTkyem0uOTc2LjIxOGMuMTItLjU0LjY1NC0uODggMS4xOTMtLjc2bDUuODU3IDEuMzAyYy41NC4xMi44NzkuNjUzLjc2IDEuMTkzLS4xMi41MzgtLjY1NC44NzktMS4xOTMuNzU5bC01Ljg1Ny0xLjMwMmMtLjU0LS4xMTgtLjg4LS42NTQtLjc2LTEuMTkyeiIvPjxwYXRoIGQ9Ik0xNy43NzEgMTguOTAzYy0uNDY2LjI5Ni0xLjA4My4xNTktMS4zOC0uMzA4bC0zLjIyMS01LjA2MWMtLjI5Ni0uNDY2LS4xNi0xLjA4NC4zMDctMS4zOC40NjYtLjI5NyAxLjA4NC0uMTU5IDEuMzguMzA3bDMuMjIyIDUuMDYyYy4yOTUuNDY2LjE1OCAxLjA4My0uMzA4IDEuMzh6bS43OTcgMS4yNTJjLjQ2Ni0uMjk2IDEuMDg0LS4xNTkgMS4zOC4zMDdsMy4yMjMgNS4wNjJjLjI5Ni40NjcuMTU5IDEuMDgzLS4zMDggMS4zODEtLjQ2Ni4yOTYtMS4wODQuMTU5LTEuMzgxLS4zMDdsLTMuMjIxLTUuMDYyYy0uMjk2LS40NjYtLjE1Ny0xLjA4NC4zMDctMS4zODF6Ii8+PHBhdGggZD0iTTE3Ljk4OCAxNy45MjdjLS41MzktLjEyLS44NzktLjY1NC0uNzU5LTEuMTkzbDEuMzAyLTUuODU3Yy4xMTktLjUzOS42NTItLjg3OSAxLjE5Mi0uNzU5LjU0LjEyLjg3OS42NTQuNzU5IDEuMTkzbC0xLjMwMSA1Ljg1N2MtLjExOS41MzgtLjY1NC44NzktMS4xOTMuNzU5em0tLjIxNy45NzZjLjUzOS4xMTkuODc5LjY1My43NTkgMS4xOTJsLTEuMyA1Ljg1N2MtLjEyMS41NC0uNjU0Ljg4LTEuMTk0Ljc2LS41MzgtLjEyLS44NzgtLjY1NC0uNzYtMS4xOTNsMS4zMDMtNS44NTdjLjExOS0uNTM5LjY1My0uODc5IDEuMTkyLS43NTl6Ii8+PHBhdGggZD0iTTE3Ljc3MSAxOC45MDJjLS4yOTctLjQ2Ni0uMTU5LTEuMDgzLjMwNy0xLjM4bDUuMDYyLTMuMjIxYy40NjYtLjI5NiAxLjA4NC0uMTYgMS4zOC4zMDcuMjk3LjQ2Ni4xNTkgMS4wODMtLjMwNyAxLjM4bC01LjA2MiAzLjIyMWMtLjQ2Ni4yOTctMS4wODQuMTYtMS4zOC0uMzA3eiIvPjxwYXRoIGQ9Ik0xNy43NzEgMTguOTAyYy4yOTYuNDY3LjE1OSAxLjA4NC0uMzA3IDEuMzgxbC01LjA2MiAzLjIyMmMtLjQ2Ni4yOTYtMS4wODMuMTYtMS4zODEtLjMwOC0uMjk2LS40NjUtLjE1OS0xLjA4My4zMDctMS4zOGw1LjA2Mi0zLjIyMmMuNDY3LS4yOTYgMS4wODUtLjE1OCAxLjM4MS4zMDd6Ii8+PC9nPjxwYXRoIGQ9Ik0yMi4wMTIgMjUuNTY2Yy45MzItLjU5MiAyLjE2OC0uMzE3IDIuNzYyLjYxNC41OTMuOTMyLjMxOCAyLjE2OC0uNjE0IDIuNzYyLS45MzIuNTkzLTIuMTY4LjMxOC0yLjc2Mi0uNjE0LS41OTItLjkzMi0uMzE4LTIuMTY4LjYxNC0yLjc2MnpNMTQuNTUgMTMuODQxYy0uOTMyLjU5My0yLjE2OC4zMTktMi43NjEtLjYxMy0uNTkzLS45MzItLjMxOC0yLjE2OC42MTQtMi43NjEuOTMyLS41OTMgMi4xNjgtLjMxOCAyLjc2MS42MTMuNTkzLjkzMi4zMTggMi4xNjgtLjYxNCAyLjc2MXptMS45MiAxMC45MThjMS4wNzguMjQxIDEuNzU4IDEuMzEgMS41MiAyLjM4OC0uMjQgMS4wNzgtMS4zMDggMS43NTgtMi4zODcgMS41MTktMS4wNzktLjI0LTEuNzU4LTEuMzA5LTEuNTE5LTIuMzg3LjIzOS0xLjA3OSAxLjMwOC0xLjc1OCAyLjM4Ni0xLjUyem0zLjAzNy0xMy42NjVjLTEuMDc4LS4yMzktMS43NTgtMS4zMDgtMS41MTgtMi4zODYuMjM5LTEuMDc4IDEuMzA4LTEuNzU4IDIuMzg2LTEuNTE5IDEuMDc4LjI0IDEuNzU5IDEuMzA4IDEuNTE5IDIuMzg2LS4yNDEgMS4wNzktMS4zMDkgMS43NTgtMi4zODcgMS41MTl6bS02LjAxMyAxMC41M2MuNTkyLjkzMy4zMTcgMi4xNjktLjYxNCAyLjc2My0uOTMyLjU5My0yLjE2OC4zMTgtMi43NjItLjYxNS0uNTkzLS45MzEtLjMxOC0yLjE2Ny42MTMtMi43NjEuOTMzLS41OTIgMi4xNjktLjMxOCAyLjc2My42MTN6bTkuMzM5LTUuOTQzYy0uNTkzLS45MzItLjMxNy0yLjE2OC42MTQtMi43NjEuOTMyLS41OTMgMi4xNjgtLjMxOCAyLjc2MS42MTRzLjMxNyAyLjE2OC0uNjEzIDIuNzYxYy0uOTMzLjU5My0yLjE2OS4zMTgtMi43NjItLjYxNHptLjc5NSA0LjUyNGMuMjQtMS4wNzkgMS4zMDktMS43NTkgMi4zODctMS41MiAxLjA3OC4yNCAxLjc1OCAxLjMwOSAxLjUxOSAyLjM4Ny0uMjQgMS4wNzgtMS4zMDkgMS43NTgtMi4zODcgMS41MTgtMS4wNzktLjIzOC0xLjc1OC0xLjMwNy0xLjUxOS0yLjM4NXptLTEyLjY5LTIuODIxYy0uMjQgMS4wNzktMS4zMDggMS43NTgtMi4zODYgMS41MTktMS4wNzgtLjI0LTEuNzU4LTEuMzA5LTEuNTE5LTIuMzg3LjIzOS0xLjA3OCAxLjMwOC0xLjc1OCAyLjM4Ni0xLjUxOSAxLjA3OS4yNDEgMS43NTggMS4zMDkgMS41MTkgMi4zODd6IiBmaWxsPSIjRUE1OTZFIi8+PGNpcmNsZSBmaWxsPSIjRkZDQzREIiBjeD0iMTgiIGN5PSIxOC44MTgiIHI9IjQiLz48L3N2Zz4=\" alt=\"1f338.svg\" width=\"20\" height=\"20\" \/><\/span><\/p>\n<p><span style=\"font-size: 14pt;\"><span style=\"color: #333399;\"><b>J<\/b><\/span>eune femme de 36 ans, originaire d\u2019Alsace, j\u2019ai port\u00e9 mon d\u00e9volu sur cette fabuleuse r\u00e9gion que j\u2019affectionne particuli\u00e8rement, la Dordogne. <img loading=\"lazy\" decoding=\"async\" class=\"\" src=\"data:image\/svg+xml;base64,PHN2ZyB4bWxucz0iaHR0cDovL3d3dy53My5vcmcvMjAwMC9zdmciIHZpZXdCb3g9IjAgMCAzNiAzNiI+PHBhdGggZmlsbD0iIzc3QjI1NSIgZD0iTTMyLjU1MSAxOC44NTJjLTIuMDkzLTEuODQ4LTYuNjg2LTMuMjY0LTEwLjE3OC0zLjg0IDMuNDkyLS41NzcgOC4wODUtMS45OTMgMTAuMTc4LTMuODM5IDIuMDE0LTEuNzc2IDIuOTYzLTIuOTQ4IDIuMTQxLTQuNzIyLS41NjYtMS4yMTktMi44NTQtMS4zMzMtNC4xNjYtMi40OTFDMjkuMjE0IDIuODAyIDI5LjA4My43ODMgMjcuNy4yODVjLTIuMDEtLjcyNi0zLjMzNi4xMTQtNS4zNDcgMS44ODktMi4wOTQgMS44NDctMy42OTggNS44OTktNC4zNTMgOC45OC0uNjUzLTMuMDgyLTIuMjU4LTcuMTM0LTQuMzUxLTguOTgxQzExLjYzNC4zOTcgMTAuMzA4LS40NDEgOC4yOTcuMjg1Yy0xLjM4My41LTEuNTEyIDIuNTE4LTIuODIzIDMuNjc1UzEuODcyIDUuMjM0IDEuMzA4IDYuNDU0Yy0uODIzIDEuNzc0LjEyOSAyLjk0MyAyLjE0IDQuNzE4IDIuMDk0IDEuODQ3IDYuNjg4IDMuMjYzIDEwLjE4MSAzLjg0LTMuNDkzLjU3Ny04LjA4NyAxLjk5My0xMC4xODEgMy44NC0yLjAxMyAxLjc3NS0yLjk2MyAyLjk0NS0yLjEzOSA0LjcyMS41NjUgMS4yMTkgMi44NTQgMS4zMzQgNC4xNjYgMi40OSAxLjMxMSAxLjE1OCAxLjQ0NCAzLjE3OCAyLjgyNyAzLjY3NiAyLjAwOS43MjcgMy4zMzYtLjExNSA1LjM0OC0xLjg4OSAxLjY1MS0xLjQ1NyAyLjk5Ny00LjI4OCAzLjgxNC02LjkzMy0uMjYyIDQuNTM1LjUyOCAxMC41OTEgMy44NTIgMTQuMjYyIDEuMzQ0IDEuNDgzIDIuNDA3LjU1MSAyLjgyMi4xODcuNDE2LS4zNjUgMS42MDUtMS40MTQuMTg2LTIuODIyLTMuOTEtMy44ODMtNS4yNjYtNy45MTctNS42MjgtMTEuMTQuODI3IDIuNDk4IDIuMTA3IDUuMDc3IDMuNjU3IDYuNDQ2IDIuMDEyIDEuNzc1IDMuMzM5IDIuNjE1IDUuMzUxIDEuODg5IDEuMzgyLS41IDEuNTEyLTIuNTIgMi44MjItMy42NzYgMS4zMTItMS4xNTggMy42MDItMS4yNzMgNC4xNjYtMi40OTQuODIyLTEuNzc0LS4xMy0yLjk0NC0yLjE0MS00LjcxN3oiLz48L3N2Zz4=\" alt=\"1f340.svg\" width=\"18\" height=\"18\" \/><\/span><\/p>\n<p><span style=\"font-size: 14pt;\"><span style=\"color: #333399;\"><b>D<\/b><\/span>epuis petite je m\u2019int\u00e9resse au fonctionnement de la vie, sensible \u00e0 la nature et aux animaux mais aussi \u00e0 la Nature de l\u2019\u00catre. Je m\u2019interroge tr\u00e8s vite sur moi m\u00eame et sur mes ressentis, cheminant jusqu\u2019\u00e0 cette d\u00e9marche de travail int\u00e9rieur qui d\u00e9bute v\u00e9ritablement il y a 14 ans.<\/span><\/p>\n<p><span style=\"font-size: 14pt;\"><span style=\"color: #333399;\"><b>P<\/b><\/span>ar cette d\u00e9marche, j\u2019ai choisi, il y a bien des ann\u00e9es maintenant, de m\u2019offrir le plus beau des cadeaux : l\u2019\u00e9panouissement<span class=\"Apple-converted-space\">\u00a0<\/span><img loading=\"lazy\" decoding=\"async\" class=\"\" src=\"data:image\/svg+xml;base64,PHN2ZyB4bWxucz0iaHR0cDovL3d3dy53My5vcmcvMjAwMC9zdmciIHZpZXdCb3g9IjAgMCAzNiAzNiI+PHBhdGggZmlsbD0iI0ZGQ0M0RCIgZD0iTTM2IDE4YzAgOS45NDEtOC4wNTkgMTgtMTggMThTMCAyNy45NDEgMCAxOCA4LjA1OSAwIDE4IDBzMTggOC4wNTkgMTggMTgiLz48cGF0aCBmaWxsPSIjNjY0NTAwIiBkPSJNMTggMjEuODQ5Yy0yLjk2NiAwLTQuOTM1LS4zNDYtNy4zNjktLjgxOS0uNTU3LS4xMDYtMS42MzggMC0xLjYzOCAxLjYzOCAwIDMuMjc1IDMuNzYzIDcuMzY5IDkuMDA3IDcuMzY5czkuMDA3LTQuMDk0IDkuMDA3LTcuMzY5YzAtMS42MzgtMS4wODItMS43NDUtMS42MzgtMS42MzgtMi40MzQuNDczLTQuNDAyLjgxOS03LjM2OS44MTkiLz48cGF0aCBmaWxsPSIjREQyRTQ0IiBkPSJNMTYuNjUgMy4yODFDMTUuNzkxLjg1IDEzLjEyNi0uNDI2IDEwLjY5NC40MzFjLTEuNDc2LjUyLTIuNTIxIDEuNzExLTIuOTI4IDMuMTA0LTEuMTkxLS44MjktMi43NTEtMS4xLTQuMjI1LS41OEMxLjExMSAzLjgxMy0uMTY3IDYuNDguNjkyIDguOTExYy4xMjIuMzQ0LjI4NC42NjMuNDcyLjk1OCAxLjk1MSAzLjU4MiA3LjU4OCA2LjEgMTEuMDAxIDYuMTMxIDIuNjM3LTIuMTY3IDUuNDQ2LTcuNjY1IDQuNzE4LTExLjY3Ny0uMDM4LS4zNDgtLjExMy0uNjk4LS4yMzMtMS4wNDJ6bTIuNyAwQzIwLjIwOS44NSAyMi44NzUtLjQyNiAyNS4zMDYuNDMxYzEuNDc2LjUyIDIuNTIxIDEuNzExIDIuOTI5IDMuMTA0IDEuMTkxLS44MjkgMi43NTEtMS4xIDQuMjI1LS41OCAyLjQzLjg1OCAzLjcwNyAzLjUyNSAyLjg1IDUuOTU2LS4xMjMuMzQ0LS4yODQuNjYzLS40NzMuOTU4LTEuOTUxIDMuNTgyLTcuNTg4IDYuMS0xMS4wMDIgNi4xMzEtMi42MzctMi4xNjctNS40NDUtNy42NjUtNC43MTctMTEuNjc3LjAzNy0uMzQ4LjExMi0uNjk4LjIzMi0xLjA0MnoiLz48L3N2Zz4=\" alt=\"1f60d.svg\" width=\"18\" height=\"18\" \/><\/span><\/p>\n<p><span style=\"font-size: 14pt;\"><span style=\"color: #333399;\"><b>J<\/b><\/span>e d\u00e9couvre par la m\u00eame occasion que j\u2019ai des facilit\u00e9s \u00e0 comprendre le fonctionnement du corps lorsque je masse et pratique le magn\u00e9tisme (formation au magn\u00e9tisme sup\u00e9rieur ).<\/span><\/p>\n<p><span style=\"font-size: 14pt;\"><span style=\"color: #333399;\"><b>E<\/b><\/span>n ce sens et de part mes diverses exp\u00e9riences, je souhaitais faire de cette passion un m\u00e9tier.<\/span><\/p>\n<p><span style=\"font-size: 14pt;\"><span style=\"color: #333399;\"><b>L<\/b><\/span>a Naturopathie fut pour moi une \u00e9vidence pour compl\u00e9ter les massages et allier un travail en profondeur sur le corps et l\u2019esprit \u00e0 une compr\u00e9hension sur son fonctionnement, puis transmettre des outils concrets et applicables au quotidien.<\/span><\/p>\n<p><span style=\"font-size: 14pt;\"><span style=\"color: #333399;\"><b>E<\/b><span style=\"color: #333333;\">n ce sens, j&rsquo;ai<\/span><\/span> choisi de suivre ma formation au <strong>CENA<\/strong>, l\u2019\u00e9cole de <strong>Robert<\/strong> et <strong>Sandrine MASSON<\/strong>.<\/span><\/p>\n<p><span style=\"font-size: 14pt;\"><span style=\"color: #333399;\"><b>P<\/b><\/span>endant cette p\u00e9riode de d\u00e9couverte, je d\u00e9cide de partager au travers d\u2019articles cette compr\u00e9hension du fonctionnement de notre corps, certains principes, des concepts psychologiques, des recettes, des id\u00e9es et de l\u2019humour, qui me paraissent essentiels pour mieux se comprendre, s\u2019\u00e9couter, et s\u2019orienter.<\/span><\/p>\n<p><span style=\"font-size: 14pt;\"><span style=\"color: #333399;\"><b>L<\/b><\/span>e travail vient avant tout de soi et de nos propres prises de conscience.<\/span><\/p>\n<p><span style=\"font-size: 14pt;\"><span style=\"color: #333399;\"><b>I<\/b><\/span>l d\u00e9marre quand on commence \u00e0 se poser des questions menant vers notre bien \u00eatre int\u00e9rieur et ext\u00e9rieur.<\/span><\/p>\n<p><span style=\"font-size: 14pt;\"><span style=\"color: #333399;\"><b>J<\/b><\/span>e dirais que ce n\u2019est pas le parcours qui est important mais l\u2019exp\u00e9rience que l\u2019on en fait<img loading=\"lazy\" decoding=\"async\" class=\"\" src=\"data:image\/svg+xml;base64,PHN2ZyB4bWxucz0iaHR0cDovL3d3dy53My5vcmcvMjAwMC9zdmciIHZpZXdCb3g9IjAgMCAzNiAzNiI+PHBhdGggZmlsbD0iIzc3QjI1NSIgZD0iTTIyLjkxMSAxNC4zOThjLTEuMDgyLjcxOS0yLjA0NyAxLjU1OS0yLjg4IDIuNDIyLS4xMjctNC4yNDUtMS4xNDctOS43MzUtNi43NzItMTIuNDIzQzEyLjE0Ni0xLjY1OC0uODMzIDEuNDE4LjMyOCAyLjAwNmMyLjMxNCAxLjE3IDMuNTQ1IDQuMTQ4IDUuMDM0IDUuNzE1IDIuNjUzIDIuNzkyIDUuNjAzIDIuOTY0IDcuMDcxLjc3OCAzLjQ2OCAyLjI1NCAzLjY5NiA2LjUyOSAzLjU5IDExLjA5OS0uMDEyLjUwNS0uMDIzLjk3NS0uMDIzIDEuNDAydjE0YzAgMS4xMDQgNCAxLjEwNCA0IDBWMjMuNTFjLjU0Mi0uOTU0IDIuMTIyLTMuNTA1IDQuNDMtNS4yOTQgMS41ODYgMS4zOTMgNC4xNDIuOTQ4IDYuNDYzLTEuNDk1IDEuNDg5LTEuNTY3IDIuMjkzLTQuNTQ0IDQuNjA3LTUuNzE1IDEuMjIxLS42MTgtMTIuODAxLTMuOTk0LTEyLjU4OSAzLjM5MnoiLz48L3N2Zz4=\" alt=\"1f331.svg\" width=\"18\" height=\"18\" \/>.<\/span><\/p>\n<p><span style=\"font-size: 14pt;\"><span style=\"color: #333399;\"><b>A<\/b><\/span>ujourd\u2019hui j\u2019ajoute \u00e0 cela une formation en tant qu\u2019herboriste<img loading=\"lazy\" decoding=\"async\" class=\"\" src=\"data:image\/svg+xml;base64,PHN2ZyB4bWxucz0iaHR0cDovL3d3dy53My5vcmcvMjAwMC9zdmciIHZpZXdCb3g9IjAgMCAzNiAzNiI+PHBhdGggZmlsbD0iIzc3QjI1NSIgZD0iTTIyLjkxMSAxNC4zOThjLTEuMDgyLjcxOS0yLjA0NyAxLjU1OS0yLjg4IDIuNDIyLS4xMjctNC4yNDUtMS4xNDctOS43MzUtNi43NzItMTIuNDIzQzEyLjE0Ni0xLjY1OC0uODMzIDEuNDE4LjMyOCAyLjAwNmMyLjMxNCAxLjE3IDMuNTQ1IDQuMTQ4IDUuMDM0IDUuNzE1IDIuNjUzIDIuNzkyIDUuNjAzIDIuOTY0IDcuMDcxLjc3OCAzLjQ2OCAyLjI1NCAzLjY5NiA2LjUyOSAzLjU5IDExLjA5OS0uMDEyLjUwNS0uMDIzLjk3NS0uMDIzIDEuNDAydjE0YzAgMS4xMDQgNCAxLjEwNCA0IDBWMjMuNTFjLjU0Mi0uOTU0IDIuMTIyLTMuNTA1IDQuNDMtNS4yOTQgMS41ODYgMS4zOTMgNC4xNDIuOTQ4IDYuNDYzLTEuNDk1IDEuNDg5LTEuNTY3IDIuMjkzLTQuNTQ0IDQuNjA3LTUuNzE1IDEuMjIxLS42MTgtMTIuODAxLTMuOTk0LTEyLjU4OSAzLjM5MnoiLz48L3N2Zz4=\" alt=\"1f331.svg\" width=\"18\" height=\"18\" \/><span class=\"Apple-converted-space\">\u00a0<\/span>et cueilleuse de plantes sauvages, <img loading=\"lazy\" decoding=\"async\" class=\"\" src=\"data:image\/svg+xml;base64,PHN2ZyB4bWxucz0iaHR0cDovL3d3dy53My5vcmcvMjAwMC9zdmciIHZpZXdCb3g9IjAgMCAzNiAzNiI+PHBhdGggZmlsbD0iIzc3QjI1NSIgZD0iTTIwLjkxNyAyMi41MDJjLTIuNzA2LS4zMzEtMy44OTUtMS44NTItNi4yNzMtNC44ODkgMy4wMzktMi4zNzYgNC41NTktMy41NjUgNy4yNjYtMy4yMzUgMi43MS4zMzIgNS4yNSAyLjAxNiA2LjI3MyA0Ljg4OS0xLjY4MyAyLjU0My00LjU1NyAzLjU2My03LjI2NiAzLjIzNXptLTUuOTU5IDguODE0Yy0yLjU0OS0uMTg3LTMuNzMzLTEuNTUzLTYuMDk4LTQuMjg4IDIuNzM1LTIuMzY0IDQuMTAyLTMuNTQ3IDYuNjUyLTMuMzY0IDIuNTUxLjE4NSA1LjAwOSAxLjY0NCA2LjA5OCA0LjI4Ny0xLjQ1OSAyLjQ1OC00LjEgMy41NDgtNi42NTIgMy4zNjV6bS02LjIyLTE1LjcwN2MxLjMzOCAxLjYzMSAxLjE5MSAzLjExNy44OTggNi4wODgtMi45Ny0uMjk0LTQuNDU2LS40NC01Ljc5NS0yLjA3MS0xLjMzOS0xLjYzNC0xLjg2MS0zLjkzNS0uODk4LTYuMDg4IDIuMzAxLS41MjQgNC40NTYuNDM5IDUuNzk1IDIuMDcxem0yMS4xMTYtNS40NDhjLTIuNDM1IDEuMDItNC4xNi4zMTQtNy42MTMtMS4wOTcgMS40MTEtMy40NTMgMi4xMTgtNS4xOCA0LjU0OS02LjIwMyAyLjQzNC0xLjAyMSA1LjM3OC0uODI2IDcuNjEyIDEuMDk2LS4xOTQgMi45NDQtMi4xMTcgNS4xODEtNC41NDggNi4yMDR6TTE3LjEwMyA2LjYwOGMuODc0IDIuODY5LS4xMjQgNC43NDItMi4xMTkgOC40ODgtMy43NDUtMS45OTYtNS42MTktMi45OTQtNi40OTQtNS44NjQtLjg3Ni0yLjg3Mi0uMzE1LTYuMTggMi4xMTgtOC40OSAzLjMwOC41NjEgNS42MTkgMi45OTMgNi40OTUgNS44NjZ6Ii8+PHBhdGggZmlsbD0iI0E2RDM4OCIgZD0iTTguNDkgOS4yMzJjLjg2MiAyLjgyOCAyLjcwMiAzLjg0MyA2LjMzOCA1Ljc4MXYtLjAwNWMtLjA3LTIuNTIxLTIuNzMzLTEwLjg3Ni00LjI2Ny0xNC4yMTRDOC4xNzIgMy4xMDIgNy42MiA2LjM4MSA4LjQ5IDkuMjMyem0tNS41OTIgNC40MjljLS44OSAyLjExOC0uMzcxIDQuMzYyLjk0MyA1Ljk2NSAxLjM0IDEuNjMyIDIuODI2IDEuNzc3IDUuNzk1IDIuMDcxLS45OTctMS45MzctNC45MTEtNi4zODgtNi43MzgtOC4wMzZ6Ii8+PHBhdGggZmlsbD0iIzVDOTEzQiIgZD0iTTIxLjkxIDE0LjM3OGMtMi41NjMtLjMxMi00LjA3Ny43NS02LjgwOCAyLjg3OSAxLjc0Ni4xMDUgOC43ODYuNzQ1IDEzLjA2IDIuMDM3LjAwNi0uMDEuMDE1LS4wMTcuMDIxLS4wMjctMS4wMjMtMi44NzMtMy41NjMtNC41NTctNi4yNzMtNC44ODl6bS0uMzA0IDEzLjU2NWMtMS4wOTEtMi42MzctMy41NDUtNC4wOTQtNi4wOTQtNC4yNzktMi41LS4xNzktMy44Ny45NjEtNi40OTggMy4yMzIgMi43NjctLjMwNSA3LjkwNS0uODcgMTIuNTkyIDEuMDQ3eiIvPjxwYXRoIGZpbGw9IiNBNkQzODgiIGQ9Ik0yMi40MjEgOS4xMzdjMy4zMjcgMS4zNTkgNS4wNDMgMi4wMjQgNy40MzIgMS4wMjQgMi40MTktMS4wMTggNC4zMzItMy4yMzkgNC41NDItNi4xNi0zLjkyMi43NjEtMTAuMzkxIDQuMTUtMTEuOTc0IDUuMTM2eiIvPjxwYXRoIGZpbGw9IiNBMDYyNTMiIGQ9Ik00Ljc1MSAzNS4wNjFjLS41ODQtLjA5MS0xLjM2My0uODMxLTEuMjczLTEuNDE2LjU0Ni0zLjU2MiAyLjg1OC0xMi4xNjggMTguMjk4LTI0Ljc1NS40NTgtLjM3NS45NzYtLjY1OSAxLjM2NC0uMjEyLjM5MS40NDctLjA1Mi45NS0uNDk4IDEuMzM5QzkuMzU0IDIxLjU4NyA3LjEyOCAzMC43NTEgNi42MTkgMzQuMDgyYy0uMDkxLjU4NS0xLjI4MyAxLjA2Ny0xLjg2OC45Nzl6Ii8+PC9zdmc+\" alt=\"1f33f.svg\" width=\"25\" height=\"25\" \/><\/span><span style=\"font-size: 14pt;\">je ne m\u2019arr\u00eaterais pas en si bon chemin, puisque ce domaine est pour moi une passion avant tout, me permettant d\u2019en apprendre plus chaque jour et d\u2019affiner ma pratique.<\/span><\/p>\n<p><span style=\"font-size: 14pt;\"><span style=\"color: #333399;\"><b>A<\/b><\/span>u plaisir de vous faire d\u00e9couvrir et partager mes passions,<\/span><\/p>\n<p><span style=\"font-size: 14pt;\"><span style=\"color: #333399;\"><strong>P<\/strong><\/span>our toutes questions vous pouvez utiliser l&rsquo;onglet \u00ab\u00a0<a href=\"https:\/\/novae-corpus.fr\/blog\/contact\/\"><strong><em><span style=\"color: #333399;\">Contact<\/span><\/em><\/strong><\/a>\u00ab\u00a0.<\/span><\/p>\n<p>&nbsp;<\/p>\n<p><img loading=\"lazy\" decoding=\"async\" class=\"size-full wp-image-57 aligncenter\" src=\"https:\/\/novae-corpus.fr\/wp-content\/uploads\/2021\/01\/Karen.jpg\" alt=\"\" width=\"148\" height=\"148\" srcset=\"https:\/\/novae-corpus.fr\/wp-content\/uploads\/2021\/01\/Karen.jpg 148w, https:\/\/novae-corpus.fr\/wp-content\/uploads\/2021\/01\/Karen-75x75.jpg 75w\" sizes=\"auto, (max-width: 148px) 100vw, 148px\" \/><\/p>\n<p>&nbsp;<\/p>\n<p>&nbsp;<\/p>\n<p>&nbsp;<\/p>\n<p>&nbsp;<\/p>\n<p>&nbsp;<\/p>\n","protected":false},"excerpt":{"rendered":"<p>Je me pr\u00e9nomme Karen Romani, Jeune femme de 36 ans, originaire d\u2019Alsace, j\u2019ai port\u00e9 mon d\u00e9volu sur cette fabuleuse r\u00e9gion que j\u2019affectionne particuli\u00e8rement, la Dordogne. Depuis petite je m\u2019int\u00e9resse au &hellip; <a class=\"readmore\" href=\"https:\/\/novae-corpus.fr\/blog\/mon-parcours\/\">Continue Reading &rarr;<\/a><\/p>\n","protected":false},"author":2,"featured_media":0,"parent":0,"menu_order":0,"comment_status":"closed","ping_status":"closed","template":"","meta":{"footnotes":""},"class_list":["post-65","page","type-page","status-publish","hentry"],"_links":{"self":[{"href":"https:\/\/novae-corpus.fr\/blog\/wp-json\/wp\/v2\/pages\/65","targetHints":{"allow":["GET"]}}],"collection":[{"href":"https:\/\/novae-corpus.fr\/blog\/wp-json\/wp\/v2\/pages"}],"about":[{"href":"https:\/\/novae-corpus.fr\/blog\/wp-json\/wp\/v2\/types\/page"}],"author":[{"embeddable":true,"href":"https:\/\/novae-corpus.fr\/blog\/wp-json\/wp\/v2\/users\/2"}],"replies":[{"embeddable":true,"href":"https:\/\/novae-corpus.fr\/blog\/wp-json\/wp\/v2\/comments?post=65"}],"version-history":[{"count":17,"href":"https:\/\/novae-corpus.fr\/blog\/wp-json\/wp\/v2\/pages\/65\/revisions"}],"predecessor-version":[{"id":702,"href":"https:\/\/novae-corpus.fr\/blog\/wp-json\/wp\/v2\/pages\/65\/revisions\/702"}],"wp:attachment":[{"href":"https:\/\/novae-corpus.fr\/blog\/wp-json\/wp\/v2\/media?parent=65"}],"curies":[{"name":"wp","href":"https:\/\/api.w.org\/{rel}","templated":true}]}}