{"id":657,"date":"2021-08-05T09:48:18","date_gmt":"2021-08-05T07:48:18","guid":{"rendered":"https:\/\/novae-corpus.fr\/blog\/?page_id=657"},"modified":"2021-09-16T14:37:50","modified_gmt":"2021-09-16T12:37:50","slug":"massage-energetique","status":"publish","type":"page","link":"https:\/\/novae-corpus.fr\/blog\/massage-energetique\/","title":{"rendered":"Soins \u00e9nerg\u00e9tique"},"content":{"rendered":"<p><span style=\"font-size: 14pt; font-family: verdana, geneva, sans-serif;\">Un moment de reconnexion avec son corps. \ud83d\ude4f\ud83c\udf31<\/span><\/p>\n<p><span style=\"font-size: 14pt; font-family: verdana, geneva, sans-serif;\">Notre quotidien, nos habitudes nous \u00e9loignent des sensations de notre corps, au point ou le dialogue devient silencieux. \ud83d\ude34<\/span><\/p>\n<p><span style=\"font-size: 14pt; font-family: verdana, geneva, sans-serif;\">Pourtant notre corps est une mine d&rsquo;informations, une somme de pens\u00e9es et d&rsquo;\u00e9motions qui nous habitent. Un langage qui devient au fil du temps \u00e9tranger, \ud83e\udd14 au point o\u00f9 nous nous demandons si nous n&rsquo;avons pas perdu le dictionnaire afin d&rsquo;en comprendre le sens.<\/span><\/p>\n<p><span style=\"font-size: 14pt; font-family: verdana, geneva, sans-serif;\">Lors de la s\u00e9ance, le masseur devient un m\u00e9diateur entre vous et votre corps, permettant de retrouver une forme de dialogue et par ce biais, d&rsquo;entrevoir un \u00e9claircissement \u00e0 la probl\u00e9matique donn\u00e9e en d\u00e9but de s\u00e9ance. Une approche \u00e0 la fois douce et bienveillante afin de renouer cette communication int\u00e9rieure.<\/span><\/p>\n<p><span style=\"font-size: 14pt; font-family: verdana, geneva, sans-serif;\">Laisser de c\u00f4t\u00e9 ce jugement de soi qui nous bouffe litt\u00e9ralement et comprendre l&rsquo;essentiel, cette vision qui nous permet d&rsquo;aller de l&rsquo;avant et de mieux se comprendre, de remettre le pied \u00e0 l&rsquo;\u00e9trier et de continuer notre cheminement. \ud83c\udf38<\/span><\/p>\n<p>&nbsp;<\/p>\n","protected":false},"excerpt":{"rendered":"<p>Un moment de reconnexion avec son corps. \ud83d\ude4f\ud83c\udf31 Notre quotidien, nos habitudes nous \u00e9loignent des sensations de notre corps, au point ou le dialogue devient silencieux. \ud83d\ude34 Pourtant notre corps &hellip; <a class=\"readmore\" href=\"https:\/\/novae-corpus.fr\/blog\/massage-energetique\/\">Continue Reading &rarr;<\/a><\/p>\n","protected":false},"author":2,"featured_media":0,"parent":0,"menu_order":0,"comment_status":"closed","ping_status":"closed","template":"","meta":{"footnotes":""},"class_list":["post-657","page","type-page","status-publish","hentry"],"_links":{"self":[{"href":"https:\/\/novae-corpus.fr\/blog\/wp-json\/wp\/v2\/pages\/657","targetHints":{"allow":["GET"]}}],"collection":[{"href":"https:\/\/novae-corpus.fr\/blog\/wp-json\/wp\/v2\/pages"}],"about":[{"href":"https:\/\/novae-corpus.fr\/blog\/wp-json\/wp\/v2\/types\/page"}],"author":[{"embeddable":true,"href":"https:\/\/novae-corpus.fr\/blog\/wp-json\/wp\/v2\/users\/2"}],"replies":[{"embeddable":true,"href":"https:\/\/novae-corpus.fr\/blog\/wp-json\/wp\/v2\/comments?post=657"}],"version-history":[{"count":8,"href":"https:\/\/novae-corpus.fr\/blog\/wp-json\/wp\/v2\/pages\/657\/revisions"}],"predecessor-version":[{"id":700,"href":"https:\/\/novae-corpus.fr\/blog\/wp-json\/wp\/v2\/pages\/657\/revisions\/700"}],"wp:attachment":[{"href":"https:\/\/novae-corpus.fr\/blog\/wp-json\/wp\/v2\/media?parent=657"}],"curies":[{"name":"wp","href":"https:\/\/api.w.org\/{rel}","templated":true}]}}