{"id":775,"date":"2021-11-27T12:27:52","date_gmt":"2021-11-27T11:27:52","guid":{"rendered":"https:\/\/novae-corpus.fr\/blog\/?page_id=775"},"modified":"2022-01-28T10:43:48","modified_gmt":"2022-01-28T09:43:48","slug":"ateliers-en-ligne","status":"publish","type":"page","link":"https:\/\/novae-corpus.fr\/blog\/ateliers-en-ligne\/","title":{"rendered":"Ateliers en ligne"},"content":{"rendered":"<p>Bonjour \u00e0 tous,<\/p>\n<p>J\u2019organise des ateliers en ligne via la plateforme \u00ab zoom \u00bb<\/p>\n<p>Chaque mois je propose un nouvel atelier, les th\u00e8mes sont en lien avec notre sant\u00e9 (corps et esprit)<\/p>\n<p style=\"text-align: center;\"><em><span style=\"text-decoration: underline; color: #ff6600;\">Les ateliers sont ouverts toute l&rsquo;ann\u00e9e, peu importe le th\u00e8me, vous pouvez donc vous inscrire \u00e0 n&rsquo;importe lequel, il y aura un minimum de 5 et un maximum de 10 participants pour chaque session.\u00a0<\/span><\/em><\/p>\n<p style=\"text-align: center;\"><strong><span style=\"text-decoration: underline; color: #339966;\">Th\u00e8me sur la phytoth\u00e9rapie :<\/span><\/strong><\/p>\n<p><strong>Atelier \u00ab\u00a0Parcours Sant\u00e9\u00a0\u00bb : D\u00e9couverte des plantes m\u00e9dicinales qui nous entourent\u00a0<\/strong><\/p>\n<p style=\"text-align: center;\"><span style=\"color: #3366ff;\"><em><span style=\"text-decoration: underline;\">Descriptif :<\/span> Vous souhaitez en savoir plus sur la cueillette de plantes m\u00e9dicinales (quand les cueillir,comment les laver, comment les s\u00e9cher,&#8230; ) \u00a0, la pr\u00e9paration de la tisanerie , l&rsquo;utilisation au quotidien.<\/em><\/span><\/p>\n<p style=\"text-align: center;\"><span style=\"color: #3366ff;\"><em>Je vais aborder dans cet atelier la base de la cueillette, la pr\u00e9paration mais aussi l&rsquo;\u00e9tude de quelques plantes m\u00e9dicinales qui nous entourent\u00a0<\/em><\/span><\/p>\n<p>L&rsquo;atelier dure 1h00 et co\u00fbte 10\u20ac, n&rsquo;h\u00e9sitez pas \u00e0 me contacter pour vous inscrire, d&rsquo;autres dates sont possible les mois suivants pour un minimum de 5 inscriptions.<\/p>\n<p><em><img loading=\"lazy\" decoding=\"async\" class=\"wp-image-796 size-large aligncenter\" src=\"https:\/\/novae-corpus.fr\/wp-content\/uploads\/2021\/12\/7E034B50-0EEA-4262-80BC-1B59160F6330-1024x578.jpeg\" alt=\"\" width=\"642\" height=\"362\" srcset=\"https:\/\/novae-corpus.fr\/wp-content\/uploads\/2021\/12\/7E034B50-0EEA-4262-80BC-1B59160F6330-1024x578.jpeg 1024w, https:\/\/novae-corpus.fr\/wp-content\/uploads\/2021\/12\/7E034B50-0EEA-4262-80BC-1B59160F6330-300x169.jpeg 300w, https:\/\/novae-corpus.fr\/wp-content\/uploads\/2021\/12\/7E034B50-0EEA-4262-80BC-1B59160F6330-768x433.jpeg 768w, https:\/\/novae-corpus.fr\/wp-content\/uploads\/2021\/12\/7E034B50-0EEA-4262-80BC-1B59160F6330-1536x867.jpeg 1536w, https:\/\/novae-corpus.fr\/wp-content\/uploads\/2021\/12\/7E034B50-0EEA-4262-80BC-1B59160F6330-2048x1156.jpeg 2048w, https:\/\/novae-corpus.fr\/wp-content\/uploads\/2021\/12\/7E034B50-0EEA-4262-80BC-1B59160F6330-210x119.jpeg 210w\" sizes=\"auto, (max-width: 642px) 100vw, 642px\" \/><\/em><\/p>\n<p style=\"text-align: center;\"><strong><span style=\"text-decoration: underline; color: #339966;\">Th\u00e8me sur les soins maison : <\/span><\/strong><\/p>\n<p><strong>Atelier sur l\u2019argile<\/strong><\/p>\n<p style=\"text-align: center;\"><span style=\"color: #3366ff;\"><i><span style=\"text-decoration: underline;\">Descriptif : <\/span>\u00ab\u00a0Vous utilisez ou souhaitez utiliser l\u2019argile au quotidien ?\u00a0<\/i><\/span><\/p>\n<p style=\"text-align: center;\"><span style=\"color: #3366ff;\"><i>Vous souhaitez savoir comment commencer ou en apprendre plus sur la pratique de cette terre miraculeuse.\u00a0<\/i><\/span><\/p>\n<p style=\"text-align: center;\"><span style=\"color: #3366ff;\"><i>Cet atelier va vous permettre de comprendre le fonctionnement de l\u2019argile, d\u2019apprendre \u00e0 faire le bon choix entre les diff\u00e9rentes couleurs, comment la positionner ou encore le choix de la temp\u00e9rature id\u00e9ale suivant votre besoin.<\/i><\/span><\/p>\n<p style=\"text-align: center;\"><span style=\"color: #3366ff;\"><i>Il vous restera la pratique, vous ne manquerez pas de l\u2019utiliser puisque vous apprendrez que l\u2019on peut l\u2019utiliser pour toute notre bobologie quotidienne.\u00a0\u00bb<\/i><\/span><\/p>\n<p>L&rsquo;atelier dure 1h30 et co\u00fbte 10\u20ac, n&rsquo;h\u00e9sitez pas \u00e0 me contacter pour vous inscrire, d&rsquo;autres dates sont possible les mois suivants pour un minimum de 5 inscriptions.<\/p>\n<p><img loading=\"lazy\" decoding=\"async\" class=\"aligncenter wp-image-778 size-large\" src=\"https:\/\/novae-corpus.fr\/wp-content\/uploads\/2021\/11\/7A9E0DE1-3573-40B2-9E33-71E5719C80EE-1024x768.jpeg\" alt=\"\" width=\"642\" height=\"482\" srcset=\"https:\/\/novae-corpus.fr\/wp-content\/uploads\/2021\/11\/7A9E0DE1-3573-40B2-9E33-71E5719C80EE-1024x768.jpeg 1024w, https:\/\/novae-corpus.fr\/wp-content\/uploads\/2021\/11\/7A9E0DE1-3573-40B2-9E33-71E5719C80EE-300x225.jpeg 300w, https:\/\/novae-corpus.fr\/wp-content\/uploads\/2021\/11\/7A9E0DE1-3573-40B2-9E33-71E5719C80EE-768x577.jpeg 768w, https:\/\/novae-corpus.fr\/wp-content\/uploads\/2021\/11\/7A9E0DE1-3573-40B2-9E33-71E5719C80EE-1536x1153.jpeg 1536w, https:\/\/novae-corpus.fr\/wp-content\/uploads\/2021\/11\/7A9E0DE1-3573-40B2-9E33-71E5719C80EE-210x158.jpeg 210w, https:\/\/novae-corpus.fr\/wp-content\/uploads\/2021\/11\/7A9E0DE1-3573-40B2-9E33-71E5719C80EE.jpeg 1654w\" sizes=\"auto, (max-width: 642px) 100vw, 642px\" \/><\/p>\n<p>&nbsp;<\/p>\n<p>&nbsp;<\/p>\n<p>&nbsp;<\/p>\n<p>&nbsp;<\/p>\n<p>&nbsp;<\/p>\n","protected":false},"excerpt":{"rendered":"<p>Bonjour \u00e0 tous, J\u2019organise des ateliers en ligne via la plateforme \u00ab zoom \u00bb Chaque mois je propose un nouvel atelier, les th\u00e8mes sont en lien avec notre sant\u00e9 (corps &hellip; <a class=\"readmore\" href=\"https:\/\/novae-corpus.fr\/blog\/ateliers-en-ligne\/\">Continue Reading &rarr;<\/a><\/p>\n","protected":false},"author":2,"featured_media":0,"parent":0,"menu_order":0,"comment_status":"closed","ping_status":"closed","template":"","meta":{"footnotes":""},"class_list":["post-775","page","type-page","status-publish","hentry"],"_links":{"self":[{"href":"https:\/\/novae-corpus.fr\/blog\/wp-json\/wp\/v2\/pages\/775","targetHints":{"allow":["GET"]}}],"collection":[{"href":"https:\/\/novae-corpus.fr\/blog\/wp-json\/wp\/v2\/pages"}],"about":[{"href":"https:\/\/novae-corpus.fr\/blog\/wp-json\/wp\/v2\/types\/page"}],"author":[{"embeddable":true,"href":"https:\/\/novae-corpus.fr\/blog\/wp-json\/wp\/v2\/users\/2"}],"replies":[{"embeddable":true,"href":"https:\/\/novae-corpus.fr\/blog\/wp-json\/wp\/v2\/comments?post=775"}],"version-history":[{"count":10,"href":"https:\/\/novae-corpus.fr\/blog\/wp-json\/wp\/v2\/pages\/775\/revisions"}],"predecessor-version":[{"id":828,"href":"https:\/\/novae-corpus.fr\/blog\/wp-json\/wp\/v2\/pages\/775\/revisions\/828"}],"wp:attachment":[{"href":"https:\/\/novae-corpus.fr\/blog\/wp-json\/wp\/v2\/media?parent=775"}],"curies":[{"name":"wp","href":"https:\/\/api.w.org\/{rel}","templated":true}]}}